{"id":235,"date":"2022-12-15T10:53:50","date_gmt":"2022-12-15T10:53:50","guid":{"rendered":"https:\/\/efnil.zrc-sazu.si\/program-konference\/"},"modified":"2023-10-13T09:53:54","modified_gmt":"2023-10-13T09:53:54","slug":"program-konference","status":"publish","type":"page","link":"https:\/\/efnil.zrc-sazu.si\/sl\/program-konference\/","title":{"rendered":"Program konference"},"content":{"rendered":"\n<h2 class=\"wp-block-heading has-text-align-center\"><strong>Od ljudi za ljudi:<br>Spletni slovarji, jezikovni portali in vloga jezikovnih uporabnikov<\/strong><\/h2>\n\n\n\n<figure class=\"wp-block-table\"><table><tbody><tr><td colspan=\"2\"><h5>sreda, 11. oktober<\/h5><\/td><\/tr><tr style=\"border:none;\"><td>13.00\u201314.30<\/td><td>Prihod gostov, registracija, pogostitev s sendvi\u010di in pija\u010do <em>(Hotel Slon)<\/em><\/td><\/tr><tr><td>14.30<\/td><td>Skupen odhod do prizori\u0161\u010da<\/td><\/tr><tr><td colspan=\"2\"><\/td><\/tr><tr><td>15.00\u201317.00<\/td><td><strong>Ob\u010dni zbor EFNIL<\/strong> <em>(Atrij ZRC, Novi trg 2)<\/em><br\/><small>kava bo na voljo<\/small><\/td><\/tr><tr style=\"border:none;\"><td colspan=\"2\"><\/td><\/tr><tr><td><em>Dru\u017eabni program<\/em><\/td><td><\/td><\/tr><tr style=\"border:none;\"><td>17.00\u201318.30<\/td><td>Organizirani ogled Ljubljanskega gradu (mestni vlakec ali avtobus, odhod izpred Atrija ZRC, Novi trg 2 \u2013 povratek do hotela ali direktno do Cankarjevega doma)<\/td><\/tr><tr style=\"border:none;\"><td>19.00\u201319.45<\/td><td>Pogostitev (Dvorana Alme Karlin, 5. nadstr., Cankarjev dom, Pre\u0161ernova cesta 10)<\/td><\/tr><tr><td>20.00\u201321.00<\/td><td>Gala dogodek ob 20. obletnici zdru\u017eenja EFNIL in \u0160krab\u010deve ustanove (Linhartova dvorana Cankarjevega doma, Pre\u0161ernova cesta 10)<\/td><\/tr><\/tbody><\/table><\/figure>\n\n\n\n<figure class=\"wp-block-table\"><table><tbody><tr><td colspan=\"2\"><h5>\u010cetrtek, 12. oktober<\/h5><\/td><\/tr><tr><td colspan=\"2\"><em>Atrij ZRC SAZU, Novi trg 2, Ljubljana<\/em><\/td><\/tr><tr style=\"border:none;\"><td>9.30\u201311.00<\/td><td><strong>Uvodni sklop<\/strong><\/td><\/tr><tr style=\"border:none;\"><td>9.30\u201310.30<\/td><td><p>Pozdravni nagovori<\/p><ul style=\"list-style-type:square; margin-left: 20px;\"><li>Kozma Aha\u010di\u010d, ZRC SAZU, In\u0161titut za slovenski jezik Frana Ramov\u0161a, predstojnik<\/li><li>Oto Luthar, ZRC SAZU, direktor<\/li><li>Lenart J. Ku\u010di\u0107, Ministrstvo za kulturo Republike Slovenije, svetovalec ministrice<\/li><li>Valeria Dar\u00f2, Evropska komisija, Generalni direktorat za prevajanje, direktorica<\/li><li>Filip Majcen, Evropska komisija, Generalni direktorat za tolma\u010denje, direktor<\/li><li>Sabine Kirchmeier, EFNIL, predsednica<\/li><\/ul><\/td><\/tr><tr><td>10.30\u201311.00<\/td><td>Gerhard Stickel: EFNIL \u2013 20 let evropskega jezikovnega sodelovanja<\/td><\/tr><tr><td colspan=\"2\"><\/td><\/tr><tr><td>11.00\u201311.20<\/td><td>Odmor za kavo<\/td><\/tr><tr><td colspan=\"2\"><\/td><\/tr><tr style=\"border:none;\"><td>11.20\u201313.00<\/td><td><strong>Tematski sklop 1: Razvoj jezikovnih portalov<\/strong><br\/>Vodi: Andreas Witt<\/td><\/tr><tr style=\"border:none;\"><td>11.20\u201311.50<\/td><td>Starka\u00f0ur Barkarson: Jezikovni portali, pregled (vabljeni govorec)<\/td><\/tr><tr style=\"border:none;\"><td>11.50\u201312.10<\/td><td>Frida Steurs: Nizozemski jezikovni in\u0161titut: K celoviti digitalni jezikovni infrastrukturi<\/td><\/tr><tr style=\"border:none;\"><td>12.10\u201312.30<\/td><td>Kristina Koppel: Od spletnih slovarjev do jezikovne infrastrukture: razvoj v Estoniji<\/td><\/tr><tr style=\"border:none;\"><td>12.30\u201312.40<\/td><td>Valeria Dar\u00f2: IATE \u2013 Terminologija EU za vse<\/td><\/tr><tr><td>12.40\u201313.00<\/td><td>Diskusija<\/td><\/tr><tr><td colspan=\"2\"><\/td><\/tr><tr><td>13.00\u201314.00<\/td><td>Kosilo (samopostre\u017eba, Novi trg 4)<\/td><\/tr><tr><td colspan=\"2\"><\/td><\/tr><tr style=\"border:none;\"><td>14.00\u201316.00<\/td><td><strong>Tematski sklop 2: Vklju\u010denost uporabnikov<\/strong><br\/>Vodi: Elena Isabelle Tamba<\/td><\/tr><tr style=\"border:none;\"><td>14.00\u201314.30<\/td><td>Jano\u0161 Je\u017eovnik: K uporabnikom usmerjeni jezikovni viri v Sloveniji: na poti k univerzalnim re\u0161itvam (vabljeni govorec)<\/td><\/tr><tr style=\"border:none;\"><td>14.30\u201314.50<\/td><td>Henna Leskel\u00e4: Posodabljanje finske podatkovne baze smernic<\/td><\/tr><tr style=\"border:none;\"><td>14.50\u201315.10<\/td><td>Cecilia Robustelli, Francesca Cialdini: Spletni slovarji in jezikovna infrastruktura italijanskega jezika v digitalni dobi<\/td><\/tr><tr><td>15.10\u201315.40<\/td><td>Diskusija<\/td><\/tr><tr><td colspan=\"2\"><\/td><\/tr><tr><td>15.40\u201316.00<\/td><td>Odmor za kavo<\/td><\/tr><tr><td colspan=\"2\"><\/td><\/tr><tr style=\"border:none;\"><td>16.00\u201317.00<\/td><td><strong>Tematski sklop 3: Vklju\u010denost uporabnikov<\/strong><br\/>Vodi: Svetla Koeva<\/td><\/tr><tr style=\"border:none;\"><td>16.00\u201316.20<\/td><td>Maria Arapopoulou, Dimitrios Koutsogiannis: Slovarji \u201cPortala za gr\u0161ki jezik\u201d kot oblikovana in pedago\u0161ka rekontekstualizirana okolja<\/td><\/tr><tr style=\"border:none;\"><td>16.20\u201316.40<\/td><td>Janne Boye Niemel\u00e4: Kako vklju\u010diti jezikovne uporabnike v svetovanje o danskem znakovnem jeziku<\/td><\/tr><tr><td>16.40\u201317.00<\/td><td>Diskusija<\/td><\/tr><tr style=\"border:none;\"><td colspan=\"2\"><\/td><\/tr><tr><td><em>Dru\u017eabni program<\/em><\/td><td><\/td><\/tr><tr style=\"border:none;\"><td>18.40<\/td><td>Sprehod na konferen\u010dno ve\u010derjo<\/td><\/tr><tr style=\"border:none;\"><td>19.00\u201322.00<\/td><td>Konferen\u010dna ve\u010derja v restavraciji \u0160vicarija, Pod turnom 4, Ljubljana<\/td><\/tr><tr><td>[20 .00]<\/td><td>Johan Van Hoorde: Zgodovina in prva leta EFNIL-a<br\/><small>s prispevki Ine Druviete, Cecilie Robustelli, Johna Simpsona in Gerharda Stickla<\/small><\/td><\/tr><\/tbody><\/table><\/figure>\n\n\n\n<figure class=\"wp-block-table\"><table><tbody><tr><td colspan=\"2\"><h5>petek, 13. oktober<\/h5><\/td><\/tr><tr><td colspan=\"2\"><em>Atrij ZRC SAZU, Novi trg 2, Ljubljana<\/em><\/td><\/tr><tr style=\"border:none;\"><td>9.00\u201310.10<\/td><td><strong>Tematski sklop 4: Viri za raziskave<\/strong><br\/>Vodi: Tam\u00e1s V\u00e1radi<\/td><\/tr><tr style=\"border:none;\"><td>9.00\u20139.30<\/td><td>Darja Fi\u0161er: CLARIN: Infrastruktura za jezikovne vire (vabljena govorka)<\/td><\/tr><tr style=\"border:none;\"><td>9.30\u20139.40<\/td><td>Filip Majcen: Ve\u010djezi\u010dnost v EU v \u010dasu generativne umetne inteligence<\/td><\/tr><tr style=\"border:none;\"><td>9.40\u20139.50<\/td><td>Claire-Lyse Chambron: Jezikovne politike, spletni slovarji in jezikovne infrastrukture za promocijo francoskega jezika in ostalih evropskih jezikov<\/td><\/tr><tr><td>9.50\u201310.20<\/td><td>Diskusija<\/td><\/tr><tr><td colspan=\"2\"><\/td><\/tr><tr style=\"border:none;\"><td>10.20\u201311.00<\/td><td><strong>Tematski sklop 5: Viri za raziskave (predstavitev posterjev)<\/strong><br\/>Vodi: Nata\u0161a Gliha Komac<\/td><\/tr><tr><td><\/td><td><p>Posterji in (so\u010dasni) odmor za kavo:<\/p><ul style=\"list-style-type:square; margin-left: 20px;\"><li>Elena Isabelle Tamba: Romunski jezikovni in leksikografski viri v digitalni dobi<\/li><li>Svetla Koeva: Spletni slovarji in jezikovni portal In\u0161tituta za bolgarski jezik<\/li><li>Alexandre Ecker: L\u00ebtzebuerger Online Dictionnaire, jezikovni \u0161vicarski no\u017e<\/li><li>Magnus Ahltorp: Skr\u010diti Lexin: Izzivi slovarja \u0161ved\u0161\u010dine kot drugega jezika na malih zaslonih<\/li><li>Ewa Rudnicka: Kodifikacija in ponovno premi\u0161ljanje poljskega jezika kot &#8220;maternega jezika&#8221; s perspektive spletnih slovarjev, jezikovnih portalov in izbranih profilov na dru\u017ebenih medijih<\/li><\/ul><\/td><\/tr><tr><td colspan=\"2\"><\/td><\/tr><tr style=\"border:none;\"><td>11.00\u201312.00<\/td><td><strong>EFNIL-ove nagrade za magistrska dela<\/strong><br\/>Vodita: Ari P\u00e1ll Kristinsson, \u00c5se Wet\u00e5s<\/td><\/tr><tr style=\"border:none;\"><td><\/td><td><ul style=\"list-style-type:square; margin-left: 20px;\"><li>Julia Elena Pardo: #dudaRAE: Analiza povezav ljudske normativistike in dialektologije<\/li><li>Fani Morali: Raziskovanje dvojezi\u010dnosti pri begunskih otrocih z multimodalnimi identitetnimi besedili<\/li><li>Denise Weghofer: Odranje in branje pri pouku nem\u0161\u010dine na predmetni stopnji izobra\u017eevanja pri otrocih od 11. do 15. leta starosti \u2013 z orodji za odranje do uspe\u0161nih bralk*cev v drugem jeziku<\/li><\/ul><\/td><\/tr><tr><td>11.45\u201312.10<\/td><td>Diskusija<\/td><\/tr><tr><td colspan=\"2\"><\/td><\/tr><tr><td>12.10\u201312.30<\/td><td>Sabine Kirchmeier: Pravopisne prakse v Evrope: Rezultati EFNIL-ove raziskave<\/td><\/tr><tr><td colspan=\"2\"><\/td><\/tr><tr><td>12.30\u201313.10<\/td><td><strong>Zaklju\u010dne besede in panelna diskusija<\/strong> (Andreas Witt, Dimitrios Koutsogiannis, Ewa Rudnicka, Nata\u0161a Gliha Komac; vodita Kozma Aha\u010di\u010d in Sabine Kirchmeier)<\/td><\/tr><tr style=\"border:none;\"><td colspan=\"2\"><\/td><\/tr><tr><td><em>Dru\u017eabni program<\/em><\/td><td><\/td><\/tr><tr style=\"border: none;\"><td>13.10\u201315.00<\/td><td>Kosilo in vo\u017enja s turisti\u010dno ladjico po Ljubljanici<\/td><\/tr><tr><td><\/td><td>(Delegatom, ki bi morali oditi pred zaklju\u010dkom, bo na voljo pakirano kosilo.)<\/td><\/tr><\/tbody><\/table><\/figure>\n","protected":false},"excerpt":{"rendered":"<p>Od ljudi za ljudi:Spletni slovarji, jezikovni portali in vloga jezikovnih uporabnikov sreda, 11. oktober 13.00\u201314.30 Prihod gostov, registracija, pogostitev s sendvi\u010di in pija\u010do (Hotel Slon) 14.30 Skupen odhod do prizori\u0161\u010da 15.00\u201317.00 Ob\u010dni zbor EFNIL (Atrij ZRC, Novi trg 2)kava bo na voljo Dru\u017eabni program 17.00\u201318.30 Organizirani ogled Ljubljanskega gradu (mestni vlakec ali avtobus, odhod izpred &hellip; <\/p>\n<p class=\"link-more\"><a href=\"https:\/\/efnil.zrc-sazu.si\/sl\/program-konference\/\" class=\"more-link\">Continue reading<span class=\"screen-reader-text\"> &#8220;Program konference&#8221;<\/span><\/a><\/p>\n","protected":false},"author":1,"featured_media":215,"parent":0,"menu_order":2,"comment_status":"closed","ping_status":"closed","template":"","meta":{"footnotes":""},"class_list":["post-235","page","type-page","status-publish","has-post-thumbnail","hentry"],"_links":{"self":[{"href":"https:\/\/efnil.zrc-sazu.si\/sl\/wp-json\/wp\/v2\/pages\/235","targetHints":{"allow":["GET"]}}],"collection":[{"href":"https:\/\/efnil.zrc-sazu.si\/sl\/wp-json\/wp\/v2\/pages"}],"about":[{"href":"https:\/\/efnil.zrc-sazu.si\/sl\/wp-json\/wp\/v2\/types\/page"}],"author":[{"embeddable":true,"href":"https:\/\/efnil.zrc-sazu.si\/sl\/wp-json\/wp\/v2\/users\/1"}],"replies":[{"embeddable":true,"href":"https:\/\/efnil.zrc-sazu.si\/sl\/wp-json\/wp\/v2\/comments?post=235"}],"version-history":[{"count":31,"href":"https:\/\/efnil.zrc-sazu.si\/sl\/wp-json\/wp\/v2\/pages\/235\/revisions"}],"predecessor-version":[{"id":355,"href":"https:\/\/efnil.zrc-sazu.si\/sl\/wp-json\/wp\/v2\/pages\/235\/revisions\/355"}],"wp:featuredmedia":[{"embeddable":true,"href":"https:\/\/efnil.zrc-sazu.si\/sl\/wp-json\/wp\/v2\/media\/215"}],"wp:attachment":[{"href":"https:\/\/efnil.zrc-sazu.si\/sl\/wp-json\/wp\/v2\/media?parent=235"}],"curies":[{"name":"wp","href":"https:\/\/api.w.org\/{rel}","templated":true}]}}